{"id":240,"date":"2022-06-09T18:41:09","date_gmt":"2022-06-09T18:41:09","guid":{"rendered":"https:\/\/kiju.lorsch.de\/?page_id=240"},"modified":"2024-08-11T08:30:04","modified_gmt":"2024-08-11T08:30:04","slug":"vorstand","status":"publish","type":"page","link":"https:\/\/kiju.lorsch.de\/?page_id=240","title":{"rendered":"Vorstand"},"content":{"rendered":"\n<p>Am 23.03.2023 wurden folgende Mitglieder mit einer Amtszeit von 2 Jahren in den Vorstand gew\u00e4hlt:<\/p>\n\n\n\n<p>Birgit Tschierschwitz (1. Vorsitzende)<\/p>\n\n\n\n<p>Kerstin Gutzler (2. Vorsitzende)<\/p>\n\n\n\n<p>Stefan K\u00f6nig (Kassenwart, seit 05\/2024)<\/p>\n\n\n\n<p>Kathrin Hartmann (Schriftf\u00fchrerin)<\/p>\n\n\n\n<p>Iris Gutschalk (Kassenpr\u00fcferin)<\/p>\n\n\n\n<p>Jutta Jakob (Kassenpr\u00fcferin, seit 05\/2024)<\/p>\n\n\n\n<p>Marina Knoop (Beisitzerin)<\/p>\n\n\n\n<p>Alexander L\u00f6ffelholz (Beisitzer)<\/p>\n\n\n\n<p>Andr\u00e9 Pfleger (Beisitzer)<\/p>\n\n\n\n<p>Simone M\u00fcller (Beisitzerin seit 05\/2024)<\/p>\n\n\n\n<p>Angela Dettmering (Beisitzerin seit 05\/2024)<\/p>\n","protected":false},"excerpt":{"rendered":"<p>Am 23.03.2023 wurden folgende Mitglieder mit einer Amtszeit von 2 Jahren in den Vorstand gew\u00e4hlt: Birgit Tschierschwitz (1. Vorsitzende) Kerstin Gutzler (2. Vorsitzende) Stefan K\u00f6nig (Kassenwart, seit 05\/2024) Kathrin Hartmann (Schriftf\u00fchrerin) Iris Gutschalk (Kassenpr\u00fcferin) Jutta Jakob (Kassenpr\u00fcferin, seit 05\/2024) Marina Knoop (Beisitzerin) Alexander L\u00f6ffelholz (Beisitzer) Andr\u00e9 Pfleger (Beisitzer) Simone M\u00fcller (Beisitzerin seit 05\/2024) Angela Dettmering &#8230; <a title=\"Vorstand\" class=\"read-more\" href=\"https:\/\/kiju.lorsch.de\/?page_id=240\" aria-label=\"Mehr Informationen \u00fcber Vorstand\">Weiterlesen &#8230;<\/a><\/p>\n","protected":false},"author":3,"featured_media":0,"parent":0,"menu_order":0,"comment_status":"closed","ping_status":"closed","template":"","meta":{"generate_page_header":"","footnotes":""},"class_list":["post-240","page","type-page","status-publish"],"yoast_head":"<!-- This site is optimized with the Yoast SEO plugin v27.4 - https:\/\/yoast.com\/product\/yoast-seo-wordpress\/ -->\n<title>Vorstand - Verein zur F\u00f6rderung<\/title>\n<meta name=\"robots\" content=\"index, follow, max-snippet:-1, max-image-preview:large, max-video-preview:-1\" \/>\n<link rel=\"canonical\" href=\"https:\/\/kiju.lorsch.de\/?page_id=240\" \/>\n<meta property=\"og:locale\" content=\"de_DE\" \/>\n<meta property=\"og:type\" content=\"article\" \/>\n<meta property=\"og:title\" content=\"Vorstand - Verein zur F\u00f6rderung\" \/>\n<meta property=\"og:description\" content=\"Am 23.03.2023 wurden folgende Mitglieder mit einer Amtszeit von 2 Jahren in den Vorstand gew\u00e4hlt: Birgit Tschierschwitz (1. Vorsitzende) Kerstin Gutzler (2. Vorsitzende) Stefan K\u00f6nig (Kassenwart, seit 05\/2024) Kathrin Hartmann (Schriftf\u00fchrerin) Iris Gutschalk (Kassenpr\u00fcferin) Jutta Jakob (Kassenpr\u00fcferin, seit 05\/2024) Marina Knoop (Beisitzerin) Alexander L\u00f6ffelholz (Beisitzer) Andr\u00e9 Pfleger (Beisitzer) Simone M\u00fcller (Beisitzerin seit 05\/2024) Angela Dettmering ... Weiterlesen ...\" \/>\n<meta property=\"og:url\" content=\"https:\/\/kiju.lorsch.de\/?page_id=240\" \/>\n<meta property=\"og:site_name\" content=\"Verein zur F\u00f6rderung\" \/>\n<meta property=\"article:modified_time\" content=\"2024-08-11T08:30:04+00:00\" \/>\n<meta name=\"twitter:card\" content=\"summary_large_image\" \/>\n<meta name=\"twitter:label1\" content=\"Gesch\u00e4tzte Lesezeit\" \/>\n\t<meta name=\"twitter:data1\" content=\"1\u00a0Minute\" \/>\n<script type=\"application\/ld+json\" class=\"yoast-schema-graph\">{\"@context\":\"https:\\\/\\\/schema.org\",\"@graph\":[{\"@type\":\"WebPage\",\"@id\":\"https:\\\/\\\/kiju.lorsch.de\\\/?page_id=240\",\"url\":\"https:\\\/\\\/kiju.lorsch.de\\\/?page_id=240\",\"name\":\"Vorstand - Verein zur F\u00f6rderung\",\"isPartOf\":{\"@id\":\"https:\\\/\\\/kiju.lorsch.de\\\/#website\"},\"datePublished\":\"2022-06-09T18:41:09+00:00\",\"dateModified\":\"2024-08-11T08:30:04+00:00\",\"breadcrumb\":{\"@id\":\"https:\\\/\\\/kiju.lorsch.de\\\/?page_id=240#breadcrumb\"},\"inLanguage\":\"de\",\"potentialAction\":[{\"@type\":\"ReadAction\",\"target\":[\"https:\\\/\\\/kiju.lorsch.de\\\/?page_id=240\"]}]},{\"@type\":\"BreadcrumbList\",\"@id\":\"https:\\\/\\\/kiju.lorsch.de\\\/?page_id=240#breadcrumb\",\"itemListElement\":[{\"@type\":\"ListItem\",\"position\":1,\"name\":\"Startseite\",\"item\":\"https:\\\/\\\/kiju.lorsch.de\\\/\"},{\"@type\":\"ListItem\",\"position\":2,\"name\":\"Vorstand\"}]},{\"@type\":\"WebSite\",\"@id\":\"https:\\\/\\\/kiju.lorsch.de\\\/#website\",\"url\":\"https:\\\/\\\/kiju.lorsch.de\\\/\",\"name\":\"Verein zur F\u00f6rderung\",\"description\":\"der offenen Kinder- und Jugendarbeit\",\"publisher\":{\"@id\":\"https:\\\/\\\/kiju.lorsch.de\\\/#organization\"},\"potentialAction\":[{\"@type\":\"SearchAction\",\"target\":{\"@type\":\"EntryPoint\",\"urlTemplate\":\"https:\\\/\\\/kiju.lorsch.de\\\/?s={search_term_string}\"},\"query-input\":{\"@type\":\"PropertyValueSpecification\",\"valueRequired\":true,\"valueName\":\"search_term_string\"}}],\"inLanguage\":\"de\"},{\"@type\":\"Organization\",\"@id\":\"https:\\\/\\\/kiju.lorsch.de\\\/#organization\",\"name\":\"Verein zur F\u00f6rderung\",\"url\":\"https:\\\/\\\/kiju.lorsch.de\\\/\",\"logo\":{\"@type\":\"ImageObject\",\"inLanguage\":\"de\",\"@id\":\"https:\\\/\\\/kiju.lorsch.de\\\/#\\\/schema\\\/logo\\\/image\\\/\",\"url\":\"https:\\\/\\\/kiju.lorsch.de\\\/wp-content\\\/uploads\\\/2022\\\/06\\\/KiJu-Logo_klein.png\",\"contentUrl\":\"https:\\\/\\\/kiju.lorsch.de\\\/wp-content\\\/uploads\\\/2022\\\/06\\\/KiJu-Logo_klein.png\",\"width\":483,\"height\":542,\"caption\":\"Verein zur F\u00f6rderung\"},\"image\":{\"@id\":\"https:\\\/\\\/kiju.lorsch.de\\\/#\\\/schema\\\/logo\\\/image\\\/\"}}]}<\/script>\n<!-- \/ Yoast SEO plugin. -->","yoast_head_json":{"title":"Vorstand - Verein zur F\u00f6rderung","robots":{"index":"index","follow":"follow","max-snippet":"max-snippet:-1","max-image-preview":"max-image-preview:large","max-video-preview":"max-video-preview:-1"},"canonical":"https:\/\/kiju.lorsch.de\/?page_id=240","og_locale":"de_DE","og_type":"article","og_title":"Vorstand - Verein zur F\u00f6rderung","og_description":"Am 23.03.2023 wurden folgende Mitglieder mit einer Amtszeit von 2 Jahren in den Vorstand gew\u00e4hlt: Birgit Tschierschwitz (1. Vorsitzende) Kerstin Gutzler (2. Vorsitzende) Stefan K\u00f6nig (Kassenwart, seit 05\/2024) Kathrin Hartmann (Schriftf\u00fchrerin) Iris Gutschalk (Kassenpr\u00fcferin) Jutta Jakob (Kassenpr\u00fcferin, seit 05\/2024) Marina Knoop (Beisitzerin) Alexander L\u00f6ffelholz (Beisitzer) Andr\u00e9 Pfleger (Beisitzer) Simone M\u00fcller (Beisitzerin seit 05\/2024) Angela Dettmering ... Weiterlesen ...","og_url":"https:\/\/kiju.lorsch.de\/?page_id=240","og_site_name":"Verein zur F\u00f6rderung","article_modified_time":"2024-08-11T08:30:04+00:00","twitter_card":"summary_large_image","twitter_misc":{"Gesch\u00e4tzte Lesezeit":"1\u00a0Minute"},"schema":{"@context":"https:\/\/schema.org","@graph":[{"@type":"WebPage","@id":"https:\/\/kiju.lorsch.de\/?page_id=240","url":"https:\/\/kiju.lorsch.de\/?page_id=240","name":"Vorstand - Verein zur F\u00f6rderung","isPartOf":{"@id":"https:\/\/kiju.lorsch.de\/#website"},"datePublished":"2022-06-09T18:41:09+00:00","dateModified":"2024-08-11T08:30:04+00:00","breadcrumb":{"@id":"https:\/\/kiju.lorsch.de\/?page_id=240#breadcrumb"},"inLanguage":"de","potentialAction":[{"@type":"ReadAction","target":["https:\/\/kiju.lorsch.de\/?page_id=240"]}]},{"@type":"BreadcrumbList","@id":"https:\/\/kiju.lorsch.de\/?page_id=240#breadcrumb","itemListElement":[{"@type":"ListItem","position":1,"name":"Startseite","item":"https:\/\/kiju.lorsch.de\/"},{"@type":"ListItem","position":2,"name":"Vorstand"}]},{"@type":"WebSite","@id":"https:\/\/kiju.lorsch.de\/#website","url":"https:\/\/kiju.lorsch.de\/","name":"Verein zur F\u00f6rderung","description":"der offenen Kinder- und Jugendarbeit","publisher":{"@id":"https:\/\/kiju.lorsch.de\/#organization"},"potentialAction":[{"@type":"SearchAction","target":{"@type":"EntryPoint","urlTemplate":"https:\/\/kiju.lorsch.de\/?s={search_term_string}"},"query-input":{"@type":"PropertyValueSpecification","valueRequired":true,"valueName":"search_term_string"}}],"inLanguage":"de"},{"@type":"Organization","@id":"https:\/\/kiju.lorsch.de\/#organization","name":"Verein zur F\u00f6rderung","url":"https:\/\/kiju.lorsch.de\/","logo":{"@type":"ImageObject","inLanguage":"de","@id":"https:\/\/kiju.lorsch.de\/#\/schema\/logo\/image\/","url":"https:\/\/kiju.lorsch.de\/wp-content\/uploads\/2022\/06\/KiJu-Logo_klein.png","contentUrl":"https:\/\/kiju.lorsch.de\/wp-content\/uploads\/2022\/06\/KiJu-Logo_klein.png","width":483,"height":542,"caption":"Verein zur F\u00f6rderung"},"image":{"@id":"https:\/\/kiju.lorsch.de\/#\/schema\/logo\/image\/"}}]}},"_links":{"self":[{"href":"https:\/\/kiju.lorsch.de\/index.php?rest_route=\/wp\/v2\/pages\/240","targetHints":{"allow":["GET"]}}],"collection":[{"href":"https:\/\/kiju.lorsch.de\/index.php?rest_route=\/wp\/v2\/pages"}],"about":[{"href":"https:\/\/kiju.lorsch.de\/index.php?rest_route=\/wp\/v2\/types\/page"}],"author":[{"embeddable":true,"href":"https:\/\/kiju.lorsch.de\/index.php?rest_route=\/wp\/v2\/users\/3"}],"replies":[{"embeddable":true,"href":"https:\/\/kiju.lorsch.de\/index.php?rest_route=%2Fwp%2Fv2%2Fcomments&post=240"}],"version-history":[{"count":7,"href":"https:\/\/kiju.lorsch.de\/index.php?rest_route=\/wp\/v2\/pages\/240\/revisions"}],"predecessor-version":[{"id":479,"href":"https:\/\/kiju.lorsch.de\/index.php?rest_route=\/wp\/v2\/pages\/240\/revisions\/479"}],"wp:attachment":[{"href":"https:\/\/kiju.lorsch.de\/index.php?rest_route=%2Fwp%2Fv2%2Fmedia&parent=240"}],"curies":[{"name":"wp","href":"https:\/\/api.w.org\/{rel}","templated":true}]}}