{"id":241,"date":"2022-06-09T18:41:09","date_gmt":"2022-06-09T18:41:09","guid":{"rendered":"https:\/\/kiju.lorsch.de\/?page_id=241"},"modified":"2023-12-01T10:14:18","modified_gmt":"2023-12-01T10:14:18","slug":"der-verein","status":"publish","type":"page","link":"https:\/\/kiju.lorsch.de\/?page_id=241","title":{"rendered":"Der Verein"},"content":{"rendered":"\n<p><strong>Ziele und Aufgaben:<\/strong><\/p>\n\n\n\n<ul class=\"wp-block-list\">\n<li>Mitwirkung an den L\u00f6sungen von Jugendproblemen<\/li>\n\n\n\n<li>F\u00f6rderung des Jugendzentrums Lorsch<\/li>\n\n\n\n<li>Enge Zusammenarbeit mit dem Jugendrat und der Kinder- und Jugendf\u00f6rderung der Stadt Lorsch<\/li>\n\n\n\n<li>Kooperationen mit Institutionen und Vereinen des Kreises Bergstra\u00dfe<\/li>\n<\/ul>\n\n\n\n<p><br><strong>R\u00fcckblick:<\/strong><\/p>\n\n\n\n<ul class=\"wp-block-list\">\n<li>Finanzierung der Skaterbahn Lorsch<\/li>\n\n\n\n<li>Ausstattung des Jugendzentrums Lorsch<\/li>\n\n\n\n<li>Finanzielle Unterst\u00fctzung von Aktionen der Kinder- und Jugendf\u00f6rderung<\/li>\n<\/ul>\n\n\n\n<p><br><strong>Ausblick:<\/strong><\/p>\n\n\n\n<p>Wir m\u00f6chten einen gro\u00dfen Teil der Lorscher Jugend erreichen, um W\u00fcnsche, Kritik oder Anregungen aufzugreifen. Projekte der Kinder- und Jugendf\u00f6rderung der Stadt Lorsch wollen wir unterst\u00fctzen.<br><br>Wer die Arbeit f\u00fcr und mit den Jugendlichen dar\u00fcber hinaus aktiv unterst\u00fctzen m\u00f6chte, ist ebenfalls herzlich willkommen. Senden Sie uns eine Email (<a href=\"mailto:kiju@lorsch.de\">kiju@lorsch.de<\/a>).<\/p>\n\n\n\n<p>\u00dcber Spenden zur Unterst\u00fctzung der Jugendarbeit freuen wir uns ebenfalls:<\/p>\n\n\n\n<p>Sparkasse Bensheim<br>IBAN: DE47 5095 0068 0002 0740 29<\/p>\n\n\n\n<p>Volksbank Darmstadt Mainz eG<br>IBAN: DE37 5519 0000 0252 2100 18<\/p>\n\n\n\n<p><a href=\"https:\/\/kiju.lorsch.de\/wp-content\/uploads\/2023\/12\/Vereinfachter-Zuwendungsbescheid-KiJu.pdf\">Vereinfachter Zuwendungsbescheid<\/a><\/p>\n\n\n\n<p>Jugendarbeit geht uns alle an! Machen Sie mit!<br><br>Sie wollen uns als Mitglied unterst\u00fctzen? Melden Sie sich <a href=\"https:\/\/kiju.lorsch.de\/mitgliedschaft\">hier <\/a>an.<\/p>\n","protected":false},"excerpt":{"rendered":"<p>Ziele und Aufgaben: R\u00fcckblick: Ausblick: Wir m\u00f6chten einen gro\u00dfen Teil der Lorscher Jugend erreichen, um W\u00fcnsche, Kritik oder Anregungen aufzugreifen. Projekte der Kinder- und Jugendf\u00f6rderung der Stadt Lorsch wollen wir unterst\u00fctzen. Wer die Arbeit f\u00fcr und mit den Jugendlichen dar\u00fcber hinaus aktiv unterst\u00fctzen m\u00f6chte, ist ebenfalls herzlich willkommen. Senden Sie uns eine Email (kiju@lorsch.de). \u00dcber &#8230; <a title=\"Der Verein\" class=\"read-more\" href=\"https:\/\/kiju.lorsch.de\/?page_id=241\" aria-label=\"Mehr Informationen \u00fcber Der Verein\">Weiterlesen &#8230;<\/a><\/p>\n","protected":false},"author":3,"featured_media":0,"parent":0,"menu_order":0,"comment_status":"closed","ping_status":"closed","template":"","meta":{"generate_page_header":"","footnotes":""},"class_list":["post-241","page","type-page","status-publish"],"yoast_head":"<!-- This site is optimized with the Yoast SEO plugin v27.4 - https:\/\/yoast.com\/product\/yoast-seo-wordpress\/ -->\n<title>Der Verein - Verein zur F\u00f6rderung<\/title>\n<meta name=\"robots\" content=\"index, follow, max-snippet:-1, max-image-preview:large, max-video-preview:-1\" \/>\n<link rel=\"canonical\" href=\"https:\/\/kiju.lorsch.de\/?page_id=241\" \/>\n<meta property=\"og:locale\" content=\"de_DE\" \/>\n<meta property=\"og:type\" content=\"article\" \/>\n<meta property=\"og:title\" content=\"Der Verein - Verein zur F\u00f6rderung\" \/>\n<meta property=\"og:description\" content=\"Ziele und Aufgaben: R\u00fcckblick: Ausblick: Wir m\u00f6chten einen gro\u00dfen Teil der Lorscher Jugend erreichen, um W\u00fcnsche, Kritik oder Anregungen aufzugreifen. Projekte der Kinder- und Jugendf\u00f6rderung der Stadt Lorsch wollen wir unterst\u00fctzen. Wer die Arbeit f\u00fcr und mit den Jugendlichen dar\u00fcber hinaus aktiv unterst\u00fctzen m\u00f6chte, ist ebenfalls herzlich willkommen. Senden Sie uns eine Email (kiju@lorsch.de). \u00dcber ... Weiterlesen ...\" \/>\n<meta property=\"og:url\" content=\"https:\/\/kiju.lorsch.de\/?page_id=241\" \/>\n<meta property=\"og:site_name\" content=\"Verein zur F\u00f6rderung\" \/>\n<meta property=\"article:modified_time\" content=\"2023-12-01T10:14:18+00:00\" \/>\n<meta name=\"twitter:card\" content=\"summary_large_image\" \/>\n<meta name=\"twitter:label1\" content=\"Gesch\u00e4tzte Lesezeit\" \/>\n\t<meta name=\"twitter:data1\" content=\"1\u00a0Minute\" \/>\n<script type=\"application\/ld+json\" class=\"yoast-schema-graph\">{\"@context\":\"https:\\\/\\\/schema.org\",\"@graph\":[{\"@type\":\"WebPage\",\"@id\":\"https:\\\/\\\/kiju.lorsch.de\\\/?page_id=241\",\"url\":\"https:\\\/\\\/kiju.lorsch.de\\\/?page_id=241\",\"name\":\"Der Verein - Verein zur F\u00f6rderung\",\"isPartOf\":{\"@id\":\"https:\\\/\\\/kiju.lorsch.de\\\/#website\"},\"datePublished\":\"2022-06-09T18:41:09+00:00\",\"dateModified\":\"2023-12-01T10:14:18+00:00\",\"breadcrumb\":{\"@id\":\"https:\\\/\\\/kiju.lorsch.de\\\/?page_id=241#breadcrumb\"},\"inLanguage\":\"de\",\"potentialAction\":[{\"@type\":\"ReadAction\",\"target\":[\"https:\\\/\\\/kiju.lorsch.de\\\/?page_id=241\"]}]},{\"@type\":\"BreadcrumbList\",\"@id\":\"https:\\\/\\\/kiju.lorsch.de\\\/?page_id=241#breadcrumb\",\"itemListElement\":[{\"@type\":\"ListItem\",\"position\":1,\"name\":\"Startseite\",\"item\":\"https:\\\/\\\/kiju.lorsch.de\\\/\"},{\"@type\":\"ListItem\",\"position\":2,\"name\":\"Der Verein\"}]},{\"@type\":\"WebSite\",\"@id\":\"https:\\\/\\\/kiju.lorsch.de\\\/#website\",\"url\":\"https:\\\/\\\/kiju.lorsch.de\\\/\",\"name\":\"Verein zur F\u00f6rderung\",\"description\":\"der offenen Kinder- und Jugendarbeit\",\"publisher\":{\"@id\":\"https:\\\/\\\/kiju.lorsch.de\\\/#organization\"},\"potentialAction\":[{\"@type\":\"SearchAction\",\"target\":{\"@type\":\"EntryPoint\",\"urlTemplate\":\"https:\\\/\\\/kiju.lorsch.de\\\/?s={search_term_string}\"},\"query-input\":{\"@type\":\"PropertyValueSpecification\",\"valueRequired\":true,\"valueName\":\"search_term_string\"}}],\"inLanguage\":\"de\"},{\"@type\":\"Organization\",\"@id\":\"https:\\\/\\\/kiju.lorsch.de\\\/#organization\",\"name\":\"Verein zur F\u00f6rderung\",\"url\":\"https:\\\/\\\/kiju.lorsch.de\\\/\",\"logo\":{\"@type\":\"ImageObject\",\"inLanguage\":\"de\",\"@id\":\"https:\\\/\\\/kiju.lorsch.de\\\/#\\\/schema\\\/logo\\\/image\\\/\",\"url\":\"https:\\\/\\\/kiju.lorsch.de\\\/wp-content\\\/uploads\\\/2022\\\/06\\\/KiJu-Logo_klein.png\",\"contentUrl\":\"https:\\\/\\\/kiju.lorsch.de\\\/wp-content\\\/uploads\\\/2022\\\/06\\\/KiJu-Logo_klein.png\",\"width\":483,\"height\":542,\"caption\":\"Verein zur F\u00f6rderung\"},\"image\":{\"@id\":\"https:\\\/\\\/kiju.lorsch.de\\\/#\\\/schema\\\/logo\\\/image\\\/\"}}]}<\/script>\n<!-- \/ Yoast SEO plugin. -->","yoast_head_json":{"title":"Der Verein - Verein zur F\u00f6rderung","robots":{"index":"index","follow":"follow","max-snippet":"max-snippet:-1","max-image-preview":"max-image-preview:large","max-video-preview":"max-video-preview:-1"},"canonical":"https:\/\/kiju.lorsch.de\/?page_id=241","og_locale":"de_DE","og_type":"article","og_title":"Der Verein - Verein zur F\u00f6rderung","og_description":"Ziele und Aufgaben: R\u00fcckblick: Ausblick: Wir m\u00f6chten einen gro\u00dfen Teil der Lorscher Jugend erreichen, um W\u00fcnsche, Kritik oder Anregungen aufzugreifen. Projekte der Kinder- und Jugendf\u00f6rderung der Stadt Lorsch wollen wir unterst\u00fctzen. Wer die Arbeit f\u00fcr und mit den Jugendlichen dar\u00fcber hinaus aktiv unterst\u00fctzen m\u00f6chte, ist ebenfalls herzlich willkommen. Senden Sie uns eine Email (kiju@lorsch.de). \u00dcber ... Weiterlesen ...","og_url":"https:\/\/kiju.lorsch.de\/?page_id=241","og_site_name":"Verein zur F\u00f6rderung","article_modified_time":"2023-12-01T10:14:18+00:00","twitter_card":"summary_large_image","twitter_misc":{"Gesch\u00e4tzte Lesezeit":"1\u00a0Minute"},"schema":{"@context":"https:\/\/schema.org","@graph":[{"@type":"WebPage","@id":"https:\/\/kiju.lorsch.de\/?page_id=241","url":"https:\/\/kiju.lorsch.de\/?page_id=241","name":"Der Verein - Verein zur F\u00f6rderung","isPartOf":{"@id":"https:\/\/kiju.lorsch.de\/#website"},"datePublished":"2022-06-09T18:41:09+00:00","dateModified":"2023-12-01T10:14:18+00:00","breadcrumb":{"@id":"https:\/\/kiju.lorsch.de\/?page_id=241#breadcrumb"},"inLanguage":"de","potentialAction":[{"@type":"ReadAction","target":["https:\/\/kiju.lorsch.de\/?page_id=241"]}]},{"@type":"BreadcrumbList","@id":"https:\/\/kiju.lorsch.de\/?page_id=241#breadcrumb","itemListElement":[{"@type":"ListItem","position":1,"name":"Startseite","item":"https:\/\/kiju.lorsch.de\/"},{"@type":"ListItem","position":2,"name":"Der Verein"}]},{"@type":"WebSite","@id":"https:\/\/kiju.lorsch.de\/#website","url":"https:\/\/kiju.lorsch.de\/","name":"Verein zur F\u00f6rderung","description":"der offenen Kinder- und Jugendarbeit","publisher":{"@id":"https:\/\/kiju.lorsch.de\/#organization"},"potentialAction":[{"@type":"SearchAction","target":{"@type":"EntryPoint","urlTemplate":"https:\/\/kiju.lorsch.de\/?s={search_term_string}"},"query-input":{"@type":"PropertyValueSpecification","valueRequired":true,"valueName":"search_term_string"}}],"inLanguage":"de"},{"@type":"Organization","@id":"https:\/\/kiju.lorsch.de\/#organization","name":"Verein zur F\u00f6rderung","url":"https:\/\/kiju.lorsch.de\/","logo":{"@type":"ImageObject","inLanguage":"de","@id":"https:\/\/kiju.lorsch.de\/#\/schema\/logo\/image\/","url":"https:\/\/kiju.lorsch.de\/wp-content\/uploads\/2022\/06\/KiJu-Logo_klein.png","contentUrl":"https:\/\/kiju.lorsch.de\/wp-content\/uploads\/2022\/06\/KiJu-Logo_klein.png","width":483,"height":542,"caption":"Verein zur F\u00f6rderung"},"image":{"@id":"https:\/\/kiju.lorsch.de\/#\/schema\/logo\/image\/"}}]}},"_links":{"self":[{"href":"https:\/\/kiju.lorsch.de\/index.php?rest_route=\/wp\/v2\/pages\/241","targetHints":{"allow":["GET"]}}],"collection":[{"href":"https:\/\/kiju.lorsch.de\/index.php?rest_route=\/wp\/v2\/pages"}],"about":[{"href":"https:\/\/kiju.lorsch.de\/index.php?rest_route=\/wp\/v2\/types\/page"}],"author":[{"embeddable":true,"href":"https:\/\/kiju.lorsch.de\/index.php?rest_route=\/wp\/v2\/users\/3"}],"replies":[{"embeddable":true,"href":"https:\/\/kiju.lorsch.de\/index.php?rest_route=%2Fwp%2Fv2%2Fcomments&post=241"}],"version-history":[{"count":18,"href":"https:\/\/kiju.lorsch.de\/index.php?rest_route=\/wp\/v2\/pages\/241\/revisions"}],"predecessor-version":[{"id":436,"href":"https:\/\/kiju.lorsch.de\/index.php?rest_route=\/wp\/v2\/pages\/241\/revisions\/436"}],"wp:attachment":[{"href":"https:\/\/kiju.lorsch.de\/index.php?rest_route=%2Fwp%2Fv2%2Fmedia&parent=241"}],"curies":[{"name":"wp","href":"https:\/\/api.w.org\/{rel}","templated":true}]}}