{"id":5,"date":"2017-09-28T07:27:58","date_gmt":"2017-09-28T07:27:58","guid":{"rendered":"http:\/\/kiju-neu.lorsch.de\/?page_id=5"},"modified":"2026-03-02T19:44:47","modified_gmt":"2026-03-02T19:44:47","slug":"startseite","status":"publish","type":"page","link":"https:\/\/kiju.lorsch.de\/","title":{"rendered":"Startseite"},"content":{"rendered":"<p>Herzlich Willkommen beim \u201eVerein zur F\u00f6rderung der offenen Kinder- und Jugendarbeit\u201c &#8211; kurz <strong>KiJu Lorsch<\/strong> &#8211; der 2005 in Lorsch gegr\u00fcndet wurde. Auf unserer Internet-Seite stellen wir Ihnen den Verein und seine T\u00e4tigkeiten vor. Au\u00dferdem informieren wir Sie \u00fcber unsere Events und Aktionen.<\/p>\n<p>Der F\u00f6rderverein arbeitet unabh\u00e4ngig von den Strukturen der Stadt. Er ist politisch und konfessionell ungebunden, gemeinn\u00fctzig, eigenst\u00e4ndig und selbstverantwortlich.<\/p>\n<p>Kontaktieren Sie uns \u00fcber unser Kontaktformular oder senden Sie eine E-Mail (<a href=\"mailto:kiju@lorsch.de\">kiju@lorsch.de<\/a>).<\/p>\n<p>Vielen Dank f\u00fcr das Interesse!<\/p>\n<p><strong>Aktuelle Termine und Aktionen:<br \/>\n<\/strong>&#8211; Teilnahme des Kiju mit einem Stand am Lorscher Johannisfest 2026<br \/>\n&#8211; <strong>Jahreshauptversammlung am Mittwoch, 22.04.2026 &#8211; 19:00 Uhr im JuZ<\/strong><br \/>\n&#8211; <a href=\"https:\/\/kiju.lorsch.de\/aktionen\">Indoor Flohmarkt<\/a> am 9.11.2025 in der Werner-von-Siemens-Halle in Lorsch, Anmeldung ab 1.10.2025 an <a href=\"mailto:flohmarkt.kiju@web.de\">flohmarkt.kiju@web.de<\/a> m\u00f6glich<br \/>\n&#8211; Teilnahme des Kiju mit einem Stand am Lorscher Johannisfest 2025<br \/>\n&#8211; 5. Abendflohmarkt am 08.03.2025 im Paulusheim<br \/>\n&#8211; 4. Abendflohmarkt am 02.11.2024 im Paulusheim Lorsch<strong><br \/>\n<\/strong><span style=\"color: #000000;\">&#8211; Mitgliederversammlung am 07.05.2024 &#8211; 19:00 Uhr im Brauhaus Lorsch (kleiner Raum)<\/span><br \/>\n&#8211; 3. Abendflohmarkt 24.02.2024<br \/>\n&#8211; KiJu Grillen 15.02.2024 ab 17:00 Uhr am Jugendzentrum in Lorsch (siehe EMail an alle Mitglieder)<br \/>\n&#8211; 2. Abendflohmarkt 04.11.2023<br \/>\n&#8211; KiJu l\u00e4dt ein am 15.06.2023 ab 19 Uhr<br \/>\n&#8211; Abendflohmarkt 18.03.2023<br \/>\n&#8211; Mitgliederversammlung mit Vorstandswahlen 23.03.2023<br \/>\n&#8211; Ausflug ins Legoland am 18.8.2022 (<a href=\"https:\/\/kiju.lorsch.de\/aktionen\">Flyer<\/a>) Wiederholung in Planung 2023<br \/>\n&#8211; Ferienpass Sommer 2022 (<a href=\"https:\/\/kiju.lorsch.de\/aktionen\">Flyer<\/a>) Wiederholung in Planung f\u00fcr 2023<\/p>\n","protected":false},"excerpt":{"rendered":"<p>Herzlich Willkommen beim \u201eVerein zur F\u00f6rderung der offenen Kinder- und Jugendarbeit\u201c &#8211; kurz KiJu Lorsch &#8211; der 2005 in Lorsch gegr\u00fcndet wurde. Auf unserer Internet-Seite stellen wir Ihnen den Verein und seine T\u00e4tigkeiten vor. Au\u00dferdem informieren wir Sie \u00fcber unsere Events und Aktionen. Der F\u00f6rderverein arbeitet unabh\u00e4ngig von den Strukturen der Stadt. Er ist politisch &#8230; <a title=\"Startseite\" class=\"read-more\" href=\"https:\/\/kiju.lorsch.de\/\" aria-label=\"Mehr Informationen \u00fcber Startseite\">Weiterlesen &#8230;<\/a><\/p>\n","protected":false},"author":3,"featured_media":0,"parent":0,"menu_order":1,"comment_status":"closed","ping_status":"closed","template":"","meta":{"generate_page_header":"","footnotes":""},"class_list":["post-5","page","type-page","status-publish"],"yoast_head":"<!-- This site is optimized with the Yoast SEO plugin v27.4 - https:\/\/yoast.com\/product\/yoast-seo-wordpress\/ -->\n<title>Verein zur F\u00f6rderung der offenen Kinder- und Jugendarbeit<\/title>\n<meta name=\"description\" content=\"Verein zur F\u00f6rderung der offenen Kinder- und Jugendarbeit\" \/>\n<meta name=\"robots\" content=\"index, follow, max-snippet:-1, max-image-preview:large, max-video-preview:-1\" \/>\n<link rel=\"canonical\" href=\"https:\/\/kiju.lorsch.de\/\" \/>\n<meta property=\"og:locale\" content=\"de_DE\" \/>\n<meta property=\"og:type\" content=\"article\" \/>\n<meta property=\"og:title\" content=\"Verein zur F\u00f6rderung der offenen Kinder- und Jugendarbeit\" \/>\n<meta property=\"og:description\" content=\"Verein zur F\u00f6rderung der offenen Kinder- und Jugendarbeit\" \/>\n<meta property=\"og:url\" content=\"https:\/\/kiju.lorsch.de\/\" \/>\n<meta property=\"og:site_name\" content=\"Verein zur F\u00f6rderung\" \/>\n<meta property=\"article:modified_time\" content=\"2026-03-02T19:44:47+00:00\" \/>\n<meta name=\"twitter:card\" content=\"summary_large_image\" \/>\n<meta name=\"twitter:label1\" content=\"Gesch\u00e4tzte Lesezeit\" \/>\n\t<meta name=\"twitter:data1\" content=\"2\u00a0Minuten\" \/>\n<script type=\"application\/ld+json\" class=\"yoast-schema-graph\">{\"@context\":\"https:\\\/\\\/schema.org\",\"@graph\":[{\"@type\":\"WebPage\",\"@id\":\"https:\\\/\\\/kiju.lorsch.de\\\/\",\"url\":\"https:\\\/\\\/kiju.lorsch.de\\\/\",\"name\":\"Verein zur F\u00f6rderung der offenen Kinder- und Jugendarbeit\",\"isPartOf\":{\"@id\":\"https:\\\/\\\/kiju.lorsch.de\\\/#website\"},\"datePublished\":\"2017-09-28T07:27:58+00:00\",\"dateModified\":\"2026-03-02T19:44:47+00:00\",\"description\":\"Verein zur F\u00f6rderung der offenen Kinder- und Jugendarbeit\",\"breadcrumb\":{\"@id\":\"https:\\\/\\\/kiju.lorsch.de\\\/#breadcrumb\"},\"inLanguage\":\"de\",\"potentialAction\":[{\"@type\":\"ReadAction\",\"target\":[\"https:\\\/\\\/kiju.lorsch.de\\\/\"]}]},{\"@type\":\"BreadcrumbList\",\"@id\":\"https:\\\/\\\/kiju.lorsch.de\\\/#breadcrumb\",\"itemListElement\":[{\"@type\":\"ListItem\",\"position\":1,\"name\":\"Startseite\",\"item\":\"https:\\\/\\\/kiju.lorsch.de\\\/\"},{\"@type\":\"ListItem\",\"position\":2,\"name\":\"Startseite\"}]},{\"@type\":\"WebSite\",\"@id\":\"https:\\\/\\\/kiju.lorsch.de\\\/#website\",\"url\":\"https:\\\/\\\/kiju.lorsch.de\\\/\",\"name\":\"Verein zur F\u00f6rderung\",\"description\":\"der offenen Kinder- und Jugendarbeit\",\"publisher\":{\"@id\":\"https:\\\/\\\/kiju.lorsch.de\\\/#organization\"},\"potentialAction\":[{\"@type\":\"SearchAction\",\"target\":{\"@type\":\"EntryPoint\",\"urlTemplate\":\"https:\\\/\\\/kiju.lorsch.de\\\/?s={search_term_string}\"},\"query-input\":{\"@type\":\"PropertyValueSpecification\",\"valueRequired\":true,\"valueName\":\"search_term_string\"}}],\"inLanguage\":\"de\"},{\"@type\":\"Organization\",\"@id\":\"https:\\\/\\\/kiju.lorsch.de\\\/#organization\",\"name\":\"Verein zur F\u00f6rderung\",\"url\":\"https:\\\/\\\/kiju.lorsch.de\\\/\",\"logo\":{\"@type\":\"ImageObject\",\"inLanguage\":\"de\",\"@id\":\"https:\\\/\\\/kiju.lorsch.de\\\/#\\\/schema\\\/logo\\\/image\\\/\",\"url\":\"https:\\\/\\\/kiju.lorsch.de\\\/wp-content\\\/uploads\\\/2022\\\/06\\\/KiJu-Logo_klein.png\",\"contentUrl\":\"https:\\\/\\\/kiju.lorsch.de\\\/wp-content\\\/uploads\\\/2022\\\/06\\\/KiJu-Logo_klein.png\",\"width\":483,\"height\":542,\"caption\":\"Verein zur F\u00f6rderung\"},\"image\":{\"@id\":\"https:\\\/\\\/kiju.lorsch.de\\\/#\\\/schema\\\/logo\\\/image\\\/\"}}]}<\/script>\n<!-- \/ Yoast SEO plugin. -->","yoast_head_json":{"title":"Verein zur F\u00f6rderung der offenen Kinder- und Jugendarbeit","description":"Verein zur F\u00f6rderung der offenen Kinder- und Jugendarbeit","robots":{"index":"index","follow":"follow","max-snippet":"max-snippet:-1","max-image-preview":"max-image-preview:large","max-video-preview":"max-video-preview:-1"},"canonical":"https:\/\/kiju.lorsch.de\/","og_locale":"de_DE","og_type":"article","og_title":"Verein zur F\u00f6rderung der offenen Kinder- und Jugendarbeit","og_description":"Verein zur F\u00f6rderung der offenen Kinder- und Jugendarbeit","og_url":"https:\/\/kiju.lorsch.de\/","og_site_name":"Verein zur F\u00f6rderung","article_modified_time":"2026-03-02T19:44:47+00:00","twitter_card":"summary_large_image","twitter_misc":{"Gesch\u00e4tzte Lesezeit":"2\u00a0Minuten"},"schema":{"@context":"https:\/\/schema.org","@graph":[{"@type":"WebPage","@id":"https:\/\/kiju.lorsch.de\/","url":"https:\/\/kiju.lorsch.de\/","name":"Verein zur F\u00f6rderung der offenen Kinder- und Jugendarbeit","isPartOf":{"@id":"https:\/\/kiju.lorsch.de\/#website"},"datePublished":"2017-09-28T07:27:58+00:00","dateModified":"2026-03-02T19:44:47+00:00","description":"Verein zur F\u00f6rderung der offenen Kinder- und Jugendarbeit","breadcrumb":{"@id":"https:\/\/kiju.lorsch.de\/#breadcrumb"},"inLanguage":"de","potentialAction":[{"@type":"ReadAction","target":["https:\/\/kiju.lorsch.de\/"]}]},{"@type":"BreadcrumbList","@id":"https:\/\/kiju.lorsch.de\/#breadcrumb","itemListElement":[{"@type":"ListItem","position":1,"name":"Startseite","item":"https:\/\/kiju.lorsch.de\/"},{"@type":"ListItem","position":2,"name":"Startseite"}]},{"@type":"WebSite","@id":"https:\/\/kiju.lorsch.de\/#website","url":"https:\/\/kiju.lorsch.de\/","name":"Verein zur F\u00f6rderung","description":"der offenen Kinder- und Jugendarbeit","publisher":{"@id":"https:\/\/kiju.lorsch.de\/#organization"},"potentialAction":[{"@type":"SearchAction","target":{"@type":"EntryPoint","urlTemplate":"https:\/\/kiju.lorsch.de\/?s={search_term_string}"},"query-input":{"@type":"PropertyValueSpecification","valueRequired":true,"valueName":"search_term_string"}}],"inLanguage":"de"},{"@type":"Organization","@id":"https:\/\/kiju.lorsch.de\/#organization","name":"Verein zur F\u00f6rderung","url":"https:\/\/kiju.lorsch.de\/","logo":{"@type":"ImageObject","inLanguage":"de","@id":"https:\/\/kiju.lorsch.de\/#\/schema\/logo\/image\/","url":"https:\/\/kiju.lorsch.de\/wp-content\/uploads\/2022\/06\/KiJu-Logo_klein.png","contentUrl":"https:\/\/kiju.lorsch.de\/wp-content\/uploads\/2022\/06\/KiJu-Logo_klein.png","width":483,"height":542,"caption":"Verein zur F\u00f6rderung"},"image":{"@id":"https:\/\/kiju.lorsch.de\/#\/schema\/logo\/image\/"}}]}},"_links":{"self":[{"href":"https:\/\/kiju.lorsch.de\/index.php?rest_route=\/wp\/v2\/pages\/5","targetHints":{"allow":["GET"]}}],"collection":[{"href":"https:\/\/kiju.lorsch.de\/index.php?rest_route=\/wp\/v2\/pages"}],"about":[{"href":"https:\/\/kiju.lorsch.de\/index.php?rest_route=\/wp\/v2\/types\/page"}],"author":[{"embeddable":true,"href":"https:\/\/kiju.lorsch.de\/index.php?rest_route=\/wp\/v2\/users\/3"}],"replies":[{"embeddable":true,"href":"https:\/\/kiju.lorsch.de\/index.php?rest_route=%2Fwp%2Fv2%2Fcomments&post=5"}],"version-history":[{"count":35,"href":"https:\/\/kiju.lorsch.de\/index.php?rest_route=\/wp\/v2\/pages\/5\/revisions"}],"predecessor-version":[{"id":521,"href":"https:\/\/kiju.lorsch.de\/index.php?rest_route=\/wp\/v2\/pages\/5\/revisions\/521"}],"wp:attachment":[{"href":"https:\/\/kiju.lorsch.de\/index.php?rest_route=%2Fwp%2Fv2%2Fmedia&parent=5"}],"curies":[{"name":"wp","href":"https:\/\/api.w.org\/{rel}","templated":true}]}}