{"id":9,"date":"2017-09-28T07:28:59","date_gmt":"2017-09-28T07:28:59","guid":{"rendered":"http:\/\/kiju-neu.lorsch.de\/?page_id=9"},"modified":"2026-03-02T19:52:41","modified_gmt":"2026-03-02T19:52:41","slug":"aktionen","status":"publish","type":"page","link":"https:\/\/kiju.lorsch.de\/?page_id=9","title":{"rendered":"Aktionen"},"content":{"rendered":"\n<ul class=\"wp-block-list\">\n<li><strong>Jahreshauptversammlung am 22.04.2026 &#8211; 19 Uhr im JuZ<\/strong><br><\/li>\n\n\n\n<li><strong>Teilnahme an der Allee der Weihnachtsb\u00e4ume<\/strong> <strong>2025<\/strong><br><img loading=\"lazy\" decoding=\"async\" width=\"150\" height=\"113\" class=\"wp-image-522\" style=\"width: 150px;\" src=\"https:\/\/kiju.lorsch.de\/wp-content\/uploads\/2026\/03\/IMG-20251221-WA0007.jpg\" alt=\"\" srcset=\"https:\/\/kiju.lorsch.de\/wp-content\/uploads\/2026\/03\/IMG-20251221-WA0007.jpg 2048w, https:\/\/kiju.lorsch.de\/wp-content\/uploads\/2026\/03\/IMG-20251221-WA0007-300x225.jpg 300w, https:\/\/kiju.lorsch.de\/wp-content\/uploads\/2026\/03\/IMG-20251221-WA0007-1024x768.jpg 1024w, https:\/\/kiju.lorsch.de\/wp-content\/uploads\/2026\/03\/IMG-20251221-WA0007-768x576.jpg 768w, https:\/\/kiju.lorsch.de\/wp-content\/uploads\/2026\/03\/IMG-20251221-WA0007-1536x1152.jpg 1536w\" sizes=\"auto, (max-width: 150px) 100vw, 150px\" \/>           <img loading=\"lazy\" decoding=\"async\" width=\"150\" height=\"267\" class=\"wp-image-523\" style=\"width: 150px;\" src=\"https:\/\/kiju.lorsch.de\/wp-content\/uploads\/2026\/03\/IMG-20251127-WA0012-scaled.jpg\" alt=\"\" srcset=\"https:\/\/kiju.lorsch.de\/wp-content\/uploads\/2026\/03\/IMG-20251127-WA0012-scaled.jpg 1440w, https:\/\/kiju.lorsch.de\/wp-content\/uploads\/2026\/03\/IMG-20251127-WA0012-169x300.jpg 169w, https:\/\/kiju.lorsch.de\/wp-content\/uploads\/2026\/03\/IMG-20251127-WA0012-576x1024.jpg 576w, https:\/\/kiju.lorsch.de\/wp-content\/uploads\/2026\/03\/IMG-20251127-WA0012-768x1365.jpg 768w, https:\/\/kiju.lorsch.de\/wp-content\/uploads\/2026\/03\/IMG-20251127-WA0012-864x1536.jpg 864w, https:\/\/kiju.lorsch.de\/wp-content\/uploads\/2026\/03\/IMG-20251127-WA0012-1152x2048.jpg 1152w\" sizes=\"auto, (max-width: 150px) 100vw, 150px\" \/><br><\/li>\n\n\n\n<li><strong>Indoor Flohmarkt<\/strong> in der Werner-von-Siemens-Halle in Lorsch am 09.11.2025<br><a href=\"https:\/\/kiju.lorsch.de\/wp-content\/uploads\/2025\/09\/FB_IMG_1759168750761.jpg\"><img loading=\"lazy\" decoding=\"async\" width=\"150\" height=\"212\" class=\"wp-image-503\" style=\"width: 150px;\" src=\"https:\/\/kiju.lorsch.de\/wp-content\/uploads\/2025\/09\/FB_IMG_1759168750761-1.jpg\" alt=\"\" srcset=\"https:\/\/kiju.lorsch.de\/wp-content\/uploads\/2025\/09\/FB_IMG_1759168750761-1.jpg 986w, https:\/\/kiju.lorsch.de\/wp-content\/uploads\/2025\/09\/FB_IMG_1759168750761-1-212x300.jpg 212w, https:\/\/kiju.lorsch.de\/wp-content\/uploads\/2025\/09\/FB_IMG_1759168750761-1-724x1024.jpg 724w, https:\/\/kiju.lorsch.de\/wp-content\/uploads\/2025\/09\/FB_IMG_1759168750761-1-768x1087.jpg 768w\" sizes=\"auto, (max-width: 150px) 100vw, 150px\" \/><\/a><\/li>\n\n\n\n<li><strong>13.06.-16.06. Teilnahme am Johannisfest Lorsch<\/strong><br><img loading=\"lazy\" decoding=\"async\" width=\"150\" height=\"113\" class=\"wp-image-524\" style=\"width: 150px;\" src=\"https:\/\/kiju.lorsch.de\/wp-content\/uploads\/2026\/03\/IMG-20250613-WA0011.jpg\" alt=\"\" srcset=\"https:\/\/kiju.lorsch.de\/wp-content\/uploads\/2026\/03\/IMG-20250613-WA0011.jpg 2048w, https:\/\/kiju.lorsch.de\/wp-content\/uploads\/2026\/03\/IMG-20250613-WA0011-300x225.jpg 300w, https:\/\/kiju.lorsch.de\/wp-content\/uploads\/2026\/03\/IMG-20250613-WA0011-1024x768.jpg 1024w, https:\/\/kiju.lorsch.de\/wp-content\/uploads\/2026\/03\/IMG-20250613-WA0011-768x576.jpg 768w, https:\/\/kiju.lorsch.de\/wp-content\/uploads\/2026\/03\/IMG-20250613-WA0011-1536x1152.jpg 1536w\" sizes=\"auto, (max-width: 150px) 100vw, 150px\" \/><\/li>\n\n\n\n<li><strong>5. Abendflohmarkt 08.03.2025<\/strong><br><a href=\"https:\/\/kiju.lorsch.de\/wp-content\/uploads\/2025\/02\/5.Lorscher-Abendflohmarkt.jpg\"><img loading=\"lazy\" decoding=\"async\" width=\"150\" height=\"218\" class=\"wp-image-496\" style=\"width: 150px;\" src=\"https:\/\/kiju.lorsch.de\/wp-content\/uploads\/2025\/02\/5.Lorscher-Abendflohmarkt.jpg\" alt=\"\" srcset=\"https:\/\/kiju.lorsch.de\/wp-content\/uploads\/2025\/02\/5.Lorscher-Abendflohmarkt.jpg 480w, https:\/\/kiju.lorsch.de\/wp-content\/uploads\/2025\/02\/5.Lorscher-Abendflohmarkt-206x300.jpg 206w\" sizes=\"auto, (max-width: 150px) 100vw, 150px\" \/><\/a><\/li>\n\n\n\n<li><strong>4. Abendflohmarkt 02.11.2024<\/strong><br><img loading=\"lazy\" decoding=\"async\" width=\"150\" height=\"212\" class=\"wp-image-482\" style=\"width: 150px;\" src=\"https:\/\/kiju.lorsch.de\/wp-content\/uploads\/2024\/10\/KiJu-Flyer-4Lorscher-Flohmarkt_241001_210416-1.jpg\" alt=\"\" srcset=\"https:\/\/kiju.lorsch.de\/wp-content\/uploads\/2024\/10\/KiJu-Flyer-4Lorscher-Flohmarkt_241001_210416-1.jpg 720w, https:\/\/kiju.lorsch.de\/wp-content\/uploads\/2024\/10\/KiJu-Flyer-4Lorscher-Flohmarkt_241001_210416-1-212x300.jpg 212w\" sizes=\"auto, (max-width: 150px) 100vw, 150px\" \/><br>es handelt sich um einen allgemeinen Flohmarkt, bitte keine Lebensmittel, Tiere, Neuware &#8211; alle weiteren Informationen erhalten Sie per Mail nach Anmeldung<\/li>\n\n\n\n<li><strong>Abendflohmarkt 24.02.2024<\/strong><br>es handelt sich um einen allgemeinen Flohmarkt, bitte keine Lebensmittel, Tiere, Neuware &#8211; alle weiteren Informationen erhalten Sie per Mail<br><img loading=\"lazy\" decoding=\"async\" width=\"150\" height=\"212\" class=\"wp-image-446\" style=\"width: 150px;\" src=\"https:\/\/kiju.lorsch.de\/wp-content\/uploads\/2024\/01\/KiJu-Flyer-3.Lorscher-Flohmarkt.png\" alt=\"\" srcset=\"https:\/\/kiju.lorsch.de\/wp-content\/uploads\/2024\/01\/KiJu-Flyer-3.Lorscher-Flohmarkt.png 2480w, https:\/\/kiju.lorsch.de\/wp-content\/uploads\/2024\/01\/KiJu-Flyer-3.Lorscher-Flohmarkt-212x300.png 212w, https:\/\/kiju.lorsch.de\/wp-content\/uploads\/2024\/01\/KiJu-Flyer-3.Lorscher-Flohmarkt-724x1024.png 724w, https:\/\/kiju.lorsch.de\/wp-content\/uploads\/2024\/01\/KiJu-Flyer-3.Lorscher-Flohmarkt-768x1086.png 768w, https:\/\/kiju.lorsch.de\/wp-content\/uploads\/2024\/01\/KiJu-Flyer-3.Lorscher-Flohmarkt-1086x1536.png 1086w, https:\/\/kiju.lorsch.de\/wp-content\/uploads\/2024\/01\/KiJu-Flyer-3.Lorscher-Flohmarkt-1448x2048.png 1448w\" sizes=\"auto, (max-width: 150px) 100vw, 150px\" \/><\/li>\n\n\n\n<li><strong>15.02.2024 KiJu Grillen am 15.02.2024 ab 17 Uhr <\/strong>am Jugendzentrum f\u00fcr Mitglieder, alle Informationen erfolgten per Mail<br><a href=\"https:\/\/kiju.lorsch.de\/wp-content\/uploads\/2024\/02\/2024-02-15-Grillen-Kiju.jpg\" target=\"_blank\" rel=\"noreferrer noopener\"><img loading=\"lazy\" decoding=\"async\" width=\"150\" height=\"150\" class=\"wp-image-453\" style=\"width: 150px;\" src=\"https:\/\/kiju.lorsch.de\/wp-content\/uploads\/2024\/02\/2024-02-15-Grillen-Kiju.jpg\" alt=\"\" srcset=\"https:\/\/kiju.lorsch.de\/wp-content\/uploads\/2024\/02\/2024-02-15-Grillen-Kiju.jpg 2048w, https:\/\/kiju.lorsch.de\/wp-content\/uploads\/2024\/02\/2024-02-15-Grillen-Kiju-300x300.jpg 300w, https:\/\/kiju.lorsch.de\/wp-content\/uploads\/2024\/02\/2024-02-15-Grillen-Kiju-1024x1024.jpg 1024w, https:\/\/kiju.lorsch.de\/wp-content\/uploads\/2024\/02\/2024-02-15-Grillen-Kiju-150x150.jpg 150w, https:\/\/kiju.lorsch.de\/wp-content\/uploads\/2024\/02\/2024-02-15-Grillen-Kiju-768x768.jpg 768w, https:\/\/kiju.lorsch.de\/wp-content\/uploads\/2024\/02\/2024-02-15-Grillen-Kiju-1536x1536.jpg 1536w\" sizes=\"auto, (max-width: 150px) 100vw, 150px\" \/><\/a><\/li>\n\n\n\n<li>Unser Baum bei der <strong>Allee der Weihnachtsb\u00e4ume in Lorsch 2023<\/strong><a href=\"https:\/\/kiju.lorsch.de\/wp-content\/uploads\/2024\/02\/2023-Baum-Allee-Kiju.jpg\" target=\"_blank\" rel=\"noreferrer noopener\"><img loading=\"lazy\" decoding=\"async\" width=\"150\" height=\"233\" class=\"wp-image-452\" style=\"width: 150px;\" src=\"https:\/\/kiju.lorsch.de\/wp-content\/uploads\/2024\/02\/2023-Baum-Allee-Kiju.jpg\" alt=\"\" srcset=\"https:\/\/kiju.lorsch.de\/wp-content\/uploads\/2024\/02\/2023-Baum-Allee-Kiju.jpg 1316w, https:\/\/kiju.lorsch.de\/wp-content\/uploads\/2024\/02\/2023-Baum-Allee-Kiju-193x300.jpg 193w, https:\/\/kiju.lorsch.de\/wp-content\/uploads\/2024\/02\/2023-Baum-Allee-Kiju-658x1024.jpg 658w, https:\/\/kiju.lorsch.de\/wp-content\/uploads\/2024\/02\/2023-Baum-Allee-Kiju-768x1195.jpg 768w, https:\/\/kiju.lorsch.de\/wp-content\/uploads\/2024\/02\/2023-Baum-Allee-Kiju-987x1536.jpg 987w\" sizes=\"auto, (max-width: 150px) 100vw, 150px\" \/><\/a><\/li>\n\n\n\n<li><strong>Abendflohmarkt 04.11.2023<\/strong><br><a href=\"https:\/\/kiju.lorsch.de\/wp-content\/uploads\/2023\/09\/KiJu-Flyer-3.-Lorscher-Flohmarkt-1.pdf\" target=\"_blank\" rel=\"noreferrer noopener\"><img loading=\"lazy\" decoding=\"async\" width=\"150\" height=\"210\" class=\"wp-image-404\" style=\"width: 150px;\" src=\"https:\/\/kiju.lorsch.de\/wp-content\/uploads\/2023\/09\/2023-11-04-Abendflohmarkt-.jpg\" alt=\"\" srcset=\"https:\/\/kiju.lorsch.de\/wp-content\/uploads\/2023\/09\/2023-11-04-Abendflohmarkt-.jpg 495w, https:\/\/kiju.lorsch.de\/wp-content\/uploads\/2023\/09\/2023-11-04-Abendflohmarkt--215x300.jpg 215w\" sizes=\"auto, (max-width: 150px) 100vw, 150px\" \/><\/a><\/li>\n\n\n\n<li><em><strong>KiJu l\u00e4dt ein&#8230;<br><\/strong><\/em>Der Verein stellt sich vor&#8230;<br>Termin: 15.06.2023; 19:00 Uhr<br>Ort: Jugendzentrum Lorsch (JuZ)<br>Mit Bratwurst vom Grill und k\u00fchlen Getr\u00e4nken!<br>Wir suchen neue Mitstreiter in der Vorstandsarbeit aber auch Aktive, die sich an den Planungen unserer Aktionen beteiligen m\u00f6chten! Lernen Sie uns und unsere Arbeit am 15.06.2023&nbsp;<\/li>\n\n\n\n<li>Abendflohmarkt 18.03.2023<br><br><a href=\"https:\/\/kiju.lorsch.de\/wp-content\/uploads\/2023\/01\/2023-01-31-Abendflohmarkt.jpg\" target=\"_blank\" rel=\"noreferrer noopener\"><img loading=\"lazy\" decoding=\"async\" width=\"150\" height=\"204\" class=\"wp-image-358\" style=\"width: 150px;\" src=\"https:\/\/kiju.lorsch.de\/wp-content\/uploads\/2023\/01\/2023-01-31-Abendflohmarkt.jpg\" alt=\"\" srcset=\"https:\/\/kiju.lorsch.de\/wp-content\/uploads\/2023\/01\/2023-01-31-Abendflohmarkt.jpg 720w, https:\/\/kiju.lorsch.de\/wp-content\/uploads\/2023\/01\/2023-01-31-Abendflohmarkt-220x300.jpg 220w\" sizes=\"auto, (max-width: 150px) 100vw, 150px\" \/><\/a><\/li>\n\n\n\n<li>Unser Baum bei der Allee der Weihnachtsb\u00e4ume in Lorsch 2022<img loading=\"lazy\" decoding=\"async\" width=\"150\" height=\"267\" class=\"wp-image-344\" style=\"width: 150px;\" src=\"https:\/\/kiju.lorsch.de\/wp-content\/uploads\/2022\/11\/2022-11-24-Baum-Allee-1.jpg\" alt=\"\" srcset=\"https:\/\/kiju.lorsch.de\/wp-content\/uploads\/2022\/11\/2022-11-24-Baum-Allee-1.jpg 720w, https:\/\/kiju.lorsch.de\/wp-content\/uploads\/2022\/11\/2022-11-24-Baum-Allee-1-169x300.jpg 169w, https:\/\/kiju.lorsch.de\/wp-content\/uploads\/2022\/11\/2022-11-24-Baum-Allee-1-576x1024.jpg 576w\" sizes=\"auto, (max-width: 150px) 100vw, 150px\" \/><\/li>\n\n\n\n<li>Spenden\u00fcbergabe Rudolph Logistik Gruppe Lorsch 2022 <br><a href=\"https:\/\/kiju.lorsch.de\/wp-content\/uploads\/2022\/11\/SpendeUeberg_Rudolph_2202-04-07.jpg\"><img loading=\"lazy\" decoding=\"async\" width=\"150\" height=\"225\" class=\"wp-image-339\" style=\"width: 150px;\" src=\"https:\/\/kiju.lorsch.de\/wp-content\/uploads\/2022\/11\/SpendeUeberg_Rudolph_2202-04-07.jpg\" alt=\"\" srcset=\"https:\/\/kiju.lorsch.de\/wp-content\/uploads\/2022\/11\/SpendeUeberg_Rudolph_2202-04-07.jpg 600w, https:\/\/kiju.lorsch.de\/wp-content\/uploads\/2022\/11\/SpendeUeberg_Rudolph_2202-04-07-200x300.jpg 200w\" sizes=\"auto, (max-width: 150px) 100vw, 150px\" \/><\/a><\/li>\n\n\n\n<li>Ferienpass Sommerferien 2022<br><a href=\"https:\/\/kiju.lorsch.de\/wp-content\/uploads\/2022\/07\/Ferienpass-2022.jpg\"><img loading=\"lazy\" decoding=\"async\" width=\"150\" height=\"222\" class=\"wp-image-305\" style=\"width: 150px;\" src=\"https:\/\/kiju.lorsch.de\/wp-content\/uploads\/2022\/07\/Ferienpass-2022.jpg\" alt=\"\" srcset=\"https:\/\/kiju.lorsch.de\/wp-content\/uploads\/2022\/07\/Ferienpass-2022.jpg 599w, https:\/\/kiju.lorsch.de\/wp-content\/uploads\/2022\/07\/Ferienpass-2022-203x300.jpg 203w\" sizes=\"auto, (max-width: 150px) 100vw, 150px\" \/><\/a><br><\/li>\n\n\n\n<li>Ausflug ins Legoland mit der Kinder- und Jugendf\u00f6rderung Lorsch<br><a href=\"https:\/\/kiju.lorsch.de\/wp-content\/uploads\/2022\/07\/Legoland-2022.jpg\"><img loading=\"lazy\" decoding=\"async\" width=\"150\" height=\"207\" class=\"wp-image-306\" style=\"width: 150px;\" src=\"https:\/\/kiju.lorsch.de\/wp-content\/uploads\/2022\/07\/Legoland-2022.jpg\" alt=\"\" srcset=\"https:\/\/kiju.lorsch.de\/wp-content\/uploads\/2022\/07\/Legoland-2022.jpg 653w, https:\/\/kiju.lorsch.de\/wp-content\/uploads\/2022\/07\/Legoland-2022-217x300.jpg 217w\" sizes=\"auto, (max-width: 150px) 100vw, 150px\" \/><\/a><br><\/li>\n\n\n\n<li>Sprayer Workshop am Jugendzentrum Lorsch<\/li>\n\n\n\n<li>Lorscher Abend-Flohmarkt 2023<\/li>\n<\/ul>\n\n\n","protected":false},"excerpt":{"rendered":"","protected":false},"author":1,"featured_media":0,"parent":0,"menu_order":6,"comment_status":"closed","ping_status":"closed","template":"","meta":{"generate_page_header":"","footnotes":""},"class_list":["post-9","page","type-page","status-publish"],"yoast_head":"<!-- This site is optimized with the Yoast SEO plugin v27.4 - https:\/\/yoast.com\/product\/yoast-seo-wordpress\/ -->\n<title>Unterst\u00fctzung - Verein zur F\u00f6rderung der offenen Kinder- und Jugendarbeit<\/title>\n<meta name=\"description\" content=\"Unterst\u00fctzung: Wie Sie uns unterst\u00fctzen k\u00f6nnen: Werden Sie Mitglied! Wir finanzieren uns ausschlie\u00dflich aus Spenden, Mitgliedsbeitr\u00e4gen und Einnahmen aus Aktionen des Vereins.\" \/>\n<meta name=\"robots\" content=\"index, follow, max-snippet:-1, max-image-preview:large, max-video-preview:-1\" \/>\n<link rel=\"canonical\" href=\"https:\/\/kiju.lorsch.de\/?page_id=9\" \/>\n<meta property=\"og:locale\" content=\"de_DE\" \/>\n<meta property=\"og:type\" content=\"article\" \/>\n<meta property=\"og:title\" content=\"Unterst\u00fctzung - Verein zur F\u00f6rderung der offenen Kinder- und Jugendarbeit\" \/>\n<meta property=\"og:description\" content=\"Unterst\u00fctzung: Wie Sie uns unterst\u00fctzen k\u00f6nnen: Werden Sie Mitglied! Wir finanzieren uns ausschlie\u00dflich aus Spenden, Mitgliedsbeitr\u00e4gen und Einnahmen aus Aktionen des Vereins.\" \/>\n<meta property=\"og:url\" content=\"https:\/\/kiju.lorsch.de\/?page_id=9\" \/>\n<meta property=\"og:site_name\" content=\"Verein zur F\u00f6rderung\" \/>\n<meta property=\"article:modified_time\" content=\"2026-03-02T19:52:41+00:00\" \/>\n<meta property=\"og:image\" content=\"https:\/\/kiju.lorsch.de\/wp-content\/uploads\/2026\/03\/IMG-20251221-WA0007.jpg\" \/>\n\t<meta property=\"og:image:width\" content=\"2048\" \/>\n\t<meta property=\"og:image:height\" content=\"1536\" \/>\n\t<meta property=\"og:image:type\" content=\"image\/jpeg\" \/>\n<meta name=\"twitter:card\" content=\"summary_large_image\" \/>\n<meta name=\"twitter:label1\" content=\"Gesch\u00e4tzte Lesezeit\" \/>\n\t<meta name=\"twitter:data1\" content=\"5\u00a0Minuten\" \/>\n<script type=\"application\/ld+json\" class=\"yoast-schema-graph\">{\"@context\":\"https:\\\/\\\/schema.org\",\"@graph\":[{\"@type\":\"WebPage\",\"@id\":\"https:\\\/\\\/kiju.lorsch.de\\\/?page_id=9\",\"url\":\"https:\\\/\\\/kiju.lorsch.de\\\/?page_id=9\",\"name\":\"Unterst\u00fctzung - Verein zur F\u00f6rderung der offenen Kinder- und Jugendarbeit\",\"isPartOf\":{\"@id\":\"https:\\\/\\\/kiju.lorsch.de\\\/#website\"},\"primaryImageOfPage\":{\"@id\":\"https:\\\/\\\/kiju.lorsch.de\\\/?page_id=9#primaryimage\"},\"image\":{\"@id\":\"https:\\\/\\\/kiju.lorsch.de\\\/?page_id=9#primaryimage\"},\"thumbnailUrl\":\"https:\\\/\\\/kiju.lorsch.de\\\/wp-content\\\/uploads\\\/2026\\\/03\\\/IMG-20251221-WA0007.jpg\",\"datePublished\":\"2017-09-28T07:28:59+00:00\",\"dateModified\":\"2026-03-02T19:52:41+00:00\",\"description\":\"Unterst\u00fctzung: Wie Sie uns unterst\u00fctzen k\u00f6nnen: Werden Sie Mitglied! Wir finanzieren uns ausschlie\u00dflich aus Spenden, Mitgliedsbeitr\u00e4gen und Einnahmen aus Aktionen des Vereins.\",\"breadcrumb\":{\"@id\":\"https:\\\/\\\/kiju.lorsch.de\\\/?page_id=9#breadcrumb\"},\"inLanguage\":\"de\",\"potentialAction\":[{\"@type\":\"ReadAction\",\"target\":[\"https:\\\/\\\/kiju.lorsch.de\\\/?page_id=9\"]}]},{\"@type\":\"ImageObject\",\"inLanguage\":\"de\",\"@id\":\"https:\\\/\\\/kiju.lorsch.de\\\/?page_id=9#primaryimage\",\"url\":\"https:\\\/\\\/kiju.lorsch.de\\\/wp-content\\\/uploads\\\/2026\\\/03\\\/IMG-20251221-WA0007.jpg\",\"contentUrl\":\"https:\\\/\\\/kiju.lorsch.de\\\/wp-content\\\/uploads\\\/2026\\\/03\\\/IMG-20251221-WA0007.jpg\",\"width\":2048,\"height\":1536},{\"@type\":\"BreadcrumbList\",\"@id\":\"https:\\\/\\\/kiju.lorsch.de\\\/?page_id=9#breadcrumb\",\"itemListElement\":[{\"@type\":\"ListItem\",\"position\":1,\"name\":\"Startseite\",\"item\":\"https:\\\/\\\/kiju.lorsch.de\\\/\"},{\"@type\":\"ListItem\",\"position\":2,\"name\":\"Aktionen\"}]},{\"@type\":\"WebSite\",\"@id\":\"https:\\\/\\\/kiju.lorsch.de\\\/#website\",\"url\":\"https:\\\/\\\/kiju.lorsch.de\\\/\",\"name\":\"Verein zur F\u00f6rderung\",\"description\":\"der offenen Kinder- und Jugendarbeit\",\"publisher\":{\"@id\":\"https:\\\/\\\/kiju.lorsch.de\\\/#organization\"},\"potentialAction\":[{\"@type\":\"SearchAction\",\"target\":{\"@type\":\"EntryPoint\",\"urlTemplate\":\"https:\\\/\\\/kiju.lorsch.de\\\/?s={search_term_string}\"},\"query-input\":{\"@type\":\"PropertyValueSpecification\",\"valueRequired\":true,\"valueName\":\"search_term_string\"}}],\"inLanguage\":\"de\"},{\"@type\":\"Organization\",\"@id\":\"https:\\\/\\\/kiju.lorsch.de\\\/#organization\",\"name\":\"Verein zur F\u00f6rderung\",\"url\":\"https:\\\/\\\/kiju.lorsch.de\\\/\",\"logo\":{\"@type\":\"ImageObject\",\"inLanguage\":\"de\",\"@id\":\"https:\\\/\\\/kiju.lorsch.de\\\/#\\\/schema\\\/logo\\\/image\\\/\",\"url\":\"https:\\\/\\\/kiju.lorsch.de\\\/wp-content\\\/uploads\\\/2022\\\/06\\\/KiJu-Logo_klein.png\",\"contentUrl\":\"https:\\\/\\\/kiju.lorsch.de\\\/wp-content\\\/uploads\\\/2022\\\/06\\\/KiJu-Logo_klein.png\",\"width\":483,\"height\":542,\"caption\":\"Verein zur F\u00f6rderung\"},\"image\":{\"@id\":\"https:\\\/\\\/kiju.lorsch.de\\\/#\\\/schema\\\/logo\\\/image\\\/\"}}]}<\/script>\n<!-- \/ Yoast SEO plugin. -->","yoast_head_json":{"title":"Unterst\u00fctzung - Verein zur F\u00f6rderung der offenen Kinder- und Jugendarbeit","description":"Unterst\u00fctzung: Wie Sie uns unterst\u00fctzen k\u00f6nnen: Werden Sie Mitglied! Wir finanzieren uns ausschlie\u00dflich aus Spenden, Mitgliedsbeitr\u00e4gen und Einnahmen aus Aktionen des Vereins.","robots":{"index":"index","follow":"follow","max-snippet":"max-snippet:-1","max-image-preview":"max-image-preview:large","max-video-preview":"max-video-preview:-1"},"canonical":"https:\/\/kiju.lorsch.de\/?page_id=9","og_locale":"de_DE","og_type":"article","og_title":"Unterst\u00fctzung - Verein zur F\u00f6rderung der offenen Kinder- und Jugendarbeit","og_description":"Unterst\u00fctzung: Wie Sie uns unterst\u00fctzen k\u00f6nnen: Werden Sie Mitglied! Wir finanzieren uns ausschlie\u00dflich aus Spenden, Mitgliedsbeitr\u00e4gen und Einnahmen aus Aktionen des Vereins.","og_url":"https:\/\/kiju.lorsch.de\/?page_id=9","og_site_name":"Verein zur F\u00f6rderung","article_modified_time":"2026-03-02T19:52:41+00:00","og_image":[{"width":2048,"height":1536,"url":"https:\/\/kiju.lorsch.de\/wp-content\/uploads\/2026\/03\/IMG-20251221-WA0007.jpg","type":"image\/jpeg"}],"twitter_card":"summary_large_image","twitter_misc":{"Gesch\u00e4tzte Lesezeit":"5\u00a0Minuten"},"schema":{"@context":"https:\/\/schema.org","@graph":[{"@type":"WebPage","@id":"https:\/\/kiju.lorsch.de\/?page_id=9","url":"https:\/\/kiju.lorsch.de\/?page_id=9","name":"Unterst\u00fctzung - Verein zur F\u00f6rderung der offenen Kinder- und Jugendarbeit","isPartOf":{"@id":"https:\/\/kiju.lorsch.de\/#website"},"primaryImageOfPage":{"@id":"https:\/\/kiju.lorsch.de\/?page_id=9#primaryimage"},"image":{"@id":"https:\/\/kiju.lorsch.de\/?page_id=9#primaryimage"},"thumbnailUrl":"https:\/\/kiju.lorsch.de\/wp-content\/uploads\/2026\/03\/IMG-20251221-WA0007.jpg","datePublished":"2017-09-28T07:28:59+00:00","dateModified":"2026-03-02T19:52:41+00:00","description":"Unterst\u00fctzung: Wie Sie uns unterst\u00fctzen k\u00f6nnen: Werden Sie Mitglied! Wir finanzieren uns ausschlie\u00dflich aus Spenden, Mitgliedsbeitr\u00e4gen und Einnahmen aus Aktionen des Vereins.","breadcrumb":{"@id":"https:\/\/kiju.lorsch.de\/?page_id=9#breadcrumb"},"inLanguage":"de","potentialAction":[{"@type":"ReadAction","target":["https:\/\/kiju.lorsch.de\/?page_id=9"]}]},{"@type":"ImageObject","inLanguage":"de","@id":"https:\/\/kiju.lorsch.de\/?page_id=9#primaryimage","url":"https:\/\/kiju.lorsch.de\/wp-content\/uploads\/2026\/03\/IMG-20251221-WA0007.jpg","contentUrl":"https:\/\/kiju.lorsch.de\/wp-content\/uploads\/2026\/03\/IMG-20251221-WA0007.jpg","width":2048,"height":1536},{"@type":"BreadcrumbList","@id":"https:\/\/kiju.lorsch.de\/?page_id=9#breadcrumb","itemListElement":[{"@type":"ListItem","position":1,"name":"Startseite","item":"https:\/\/kiju.lorsch.de\/"},{"@type":"ListItem","position":2,"name":"Aktionen"}]},{"@type":"WebSite","@id":"https:\/\/kiju.lorsch.de\/#website","url":"https:\/\/kiju.lorsch.de\/","name":"Verein zur F\u00f6rderung","description":"der offenen Kinder- und Jugendarbeit","publisher":{"@id":"https:\/\/kiju.lorsch.de\/#organization"},"potentialAction":[{"@type":"SearchAction","target":{"@type":"EntryPoint","urlTemplate":"https:\/\/kiju.lorsch.de\/?s={search_term_string}"},"query-input":{"@type":"PropertyValueSpecification","valueRequired":true,"valueName":"search_term_string"}}],"inLanguage":"de"},{"@type":"Organization","@id":"https:\/\/kiju.lorsch.de\/#organization","name":"Verein zur F\u00f6rderung","url":"https:\/\/kiju.lorsch.de\/","logo":{"@type":"ImageObject","inLanguage":"de","@id":"https:\/\/kiju.lorsch.de\/#\/schema\/logo\/image\/","url":"https:\/\/kiju.lorsch.de\/wp-content\/uploads\/2022\/06\/KiJu-Logo_klein.png","contentUrl":"https:\/\/kiju.lorsch.de\/wp-content\/uploads\/2022\/06\/KiJu-Logo_klein.png","width":483,"height":542,"caption":"Verein zur F\u00f6rderung"},"image":{"@id":"https:\/\/kiju.lorsch.de\/#\/schema\/logo\/image\/"}}]}},"_links":{"self":[{"href":"https:\/\/kiju.lorsch.de\/index.php?rest_route=\/wp\/v2\/pages\/9","targetHints":{"allow":["GET"]}}],"collection":[{"href":"https:\/\/kiju.lorsch.de\/index.php?rest_route=\/wp\/v2\/pages"}],"about":[{"href":"https:\/\/kiju.lorsch.de\/index.php?rest_route=\/wp\/v2\/types\/page"}],"author":[{"embeddable":true,"href":"https:\/\/kiju.lorsch.de\/index.php?rest_route=\/wp\/v2\/users\/1"}],"replies":[{"embeddable":true,"href":"https:\/\/kiju.lorsch.de\/index.php?rest_route=%2Fwp%2Fv2%2Fcomments&post=9"}],"version-history":[{"count":47,"href":"https:\/\/kiju.lorsch.de\/index.php?rest_route=\/wp\/v2\/pages\/9\/revisions"}],"predecessor-version":[{"id":528,"href":"https:\/\/kiju.lorsch.de\/index.php?rest_route=\/wp\/v2\/pages\/9\/revisions\/528"}],"wp:attachment":[{"href":"https:\/\/kiju.lorsch.de\/index.php?rest_route=%2Fwp%2Fv2%2Fmedia&parent=9"}],"curies":[{"name":"wp","href":"https:\/\/api.w.org\/{rel}","templated":true}]}}